{"id":2,"date":"2011-05-12T17:38:09","date_gmt":"2011-05-12T17:38:09","guid":{"rendered":"http:\/\/localhost\/logo-in-3d\/?page_id=2"},"modified":"2012-12-09T17:25:58","modified_gmt":"2012-12-09T17:25:58","slug":"beispiel-seite","status":"publish","type":"page","link":"https:\/\/logo-in-3d.de\/","title":{"rendered":"Laden Sie Ihr Logo bei uns hoch"},"content":{"rendered":"<p><a href=\"http:\/\/logo-in-3d.de\/wp-content\/uploads\/2011\/05\/logo-3d_2_final.png\"><img loading=\"lazy\" decoding=\"async\" class=\"size-full wp-image-85 alignright\" title=\"logo-3d_2_final\" src=\"http:\/\/logo-in-3d.de\/wp-content\/uploads\/2011\/05\/logo-3d_2_final.png\" alt=\"\" width=\"250\" height=\"104\" \/><\/a><\/p>\n<p>*Einf\u00fchrungsangebot<\/p>\n<p>Sie liefern uns Ihr Logo:<br \/>\nAls Vektordatei f\u00fcr 75 \u20ac Netto (89,25 \u20ac Brutto)<br \/>\nAls Bilddatei f\u00fcr 100 \u20ac Netto (119 \u20ac Brutto)<\/p>\n<p>Sie erhalten Ihr Logo in einer Aufl\u00f6sung von 4096&#215;4096 zur\u00fcck, damit Sie es wirklich \u00fcberall einsetzten k\u00f6nnen!<br \/>\nDieses Angebot gilt nur f\u00fcr grafische Logos, gegenst\u00e4ndliche Objekte auf Anfrage.<\/p>\n\n\n<!-- Fast Secure Contact Form plugin 4.0.52 - begin - FastSecureContactForm.com -->\r\n<div style=\"clear:both;\"><\/div>\n<p>Ihre Fragen und Anmerkungen sind jederzeit willkommen.<\/p>\r\n<div id=\"FSContact1\" style=\"width:99%; max-width:555px;\">\r\n<form enctype=\"multipart\/form-data\" action=\"https:\/\/logo-in-3d.de\/index.php?rest_route=%2Fwp%2Fv2%2Fpages%2F2#FSContact1\" id=\"fscf_form1\" method=\"post\">\r\n\n<div id=\"fscf_required1\">\n  <span style=\"text-align:left;\">*<\/span> <span style=\"text-align:left;\">indicates required field<\/span>\n<\/div>\n\n\n<div id=\"fscf_div_clear1_0\" style=\"clear:both;\">\n  <div id=\"fscf_div_field1_0\" style=\"clear:left; float:left; width:99%; max-width:550px; margin-right:10px;\">\r\n    <div style=\"text-align:left; padding-top:5px;\">\n      <label style=\"text-align:left;\" for=\"fscf_name1\">Name:<\/label>\n    <\/div>\r\n    <div style=\"text-align:left;\">\r\n      <input style=\"text-align:left; margin:0; width:99%; max-width:250px;\" type=\"text\" id=\"fscf_name1\" name=\"full_name\" value=\"\"  \/>\r\n    <\/div>\r\n  <\/div>\n<\/div>\n\n<div id=\"fscf_div_clear1_1\" style=\"clear:both;\">\n  <div id=\"fscf_div_field1_1\" style=\"clear:left; float:left; width:99%; max-width:550px; margin-right:10px;\">\n    <div style=\"text-align:left; padding-top:5px;\">\n      <label style=\"text-align:left;\" for=\"fscf_email1\">Email:<span style=\"text-align:left;\">*<\/span><\/label>\n    <\/div>\n    <div style=\"text-align:left;\">\n      <input style=\"text-align:left; margin:0; width:99%; max-width:250px;\" type=\"text\" id=\"fscf_email1\" name=\"email\" value=\"\"  \/>\n    <\/div>\n  <\/div>\n<\/div>\n\n<div id=\"fscf_div_clear1_2\" style=\"clear:both;\">\n  <div id=\"fscf_div_field1_2\" style=\"clear:left; float:left; width:99%; max-width:550px; margin-right:10px;\">\n    <div style=\"text-align:left; padding-top:5px;\">\n      <label style=\"text-align:left;\" for=\"fscf_field1_2\">Betreff:<span style=\"text-align:left;\">*<\/span><\/label>\n    <\/div>\n    <div style=\"text-align:left;\">\n      <input style=\"text-align:left; margin:0; width:99%; max-width:250px;\" type=\"text\" id=\"fscf_field1_2\" name=\"subject\" value=\"\"  \/>\n    <\/div>\n  <\/div>\n<\/div>\n\n<div id=\"fscf_div_clear1_3\" style=\"clear:both;\">\n  <div id=\"fscf_div_field1_3\" style=\"clear:left; float:left; width:99%; max-width:550px; margin-right:10px;\">\n    <div style=\"text-align:left; padding-top:5px;\">\n      <label style=\"text-align:left;\" for=\"fscf_field1_3\">Nachricht:<span style=\"text-align:left;\">*<\/span><\/label>\n    <\/div>\n    <div style=\"text-align:left;\">\n      <textarea style=\"text-align:left; margin:0; width:99%; max-width:250px; height:120px;\" id=\"fscf_field1_3\" name=\"message\" cols=\"30\" rows=\"10\" ><\/textarea>\n    <\/div>\n  <\/div>\n<\/div>\n\n<div id=\"fscf_div_clear1_4\" style=\"clear:both;\">\n  <div id=\"fscf_div_field1_4\" style=\"clear:left; float:left; width:99%; max-width:550px; margin-right:10px;\">\n    <div  id=\"fscf_label1_4\" style=\"text-align:left; padding-top:5px;\">\r\n      <label style=\"text-align:left;\" for=\"fscf_field1_4\">Anhang 1<span style=\"text-align:left;\">*<\/span><\/label>\n    <\/div>\n    <div style=\"text-align:left;\">\n      <input style=\"text-align:left; margin:0; width:99%; max-width:250px;\" type=\"file\" id=\"fscf_field1_4\" name=\"attachment01\"  size=\"20\" \/><br \/>\n      <span id=\"fscf_hint_file_types1_4\" style=\"font-size:x-small; font-weight:normal;\">Acceptable file types: pdf,gif,jpg,jpeg,png,eps,c4d,ai,bmp,dwf,dwg,emf,svg,swf,psd,tif,tiff,zip,rar,7z.<br \/>Maximum file size: 9mb.<\/span>\n    <\/div>\n  <\/div>\n<\/div>\n\n<div id=\"fscf_div_clear1_5\" style=\"clear:both;\">\n  <div id=\"fscf_div_field1_5\" style=\"clear:left; float:left; width:99%; max-width:550px; margin-right:10px;\">\n    <div  id=\"fscf_label1_5\" style=\"text-align:left; padding-top:5px;\">\r\n      <label style=\"text-align:left;\" for=\"fscf_field1_5\">Anhang 2<\/label>\n    <\/div>\n    <div style=\"text-align:left;\">\n      <input style=\"text-align:left; margin:0; width:99%; max-width:250px;\" type=\"file\" id=\"fscf_field1_5\" name=\"Anhang-2\"  size=\"20\" \/>    <\/div>\n  <\/div>\n<\/div>\n\n<div id=\"fscf_div_clear1_6\" style=\"clear:both;\">\n  <div id=\"fscf_div_field1_6\" style=\"clear:left; float:left; width:99%; max-width:550px; margin-right:10px;\">\n    <div  id=\"fscf_label1_6\" style=\"text-align:left; padding-top:5px;\">\r\n      <label style=\"text-align:left;\" for=\"fscf_field1_6\">Anhang 3<\/label>\n    <\/div>\n    <div style=\"text-align:left;\">\n      <input style=\"text-align:left; margin:0; width:99%; max-width:250px;\" type=\"file\" id=\"fscf_field1_6\" name=\"Anhang-3\"  size=\"20\" \/>    <\/div>\n  <\/div>\n<\/div>\n\n<div id=\"fscf_div_clear1_7\" style=\"clear:both;\">\n  <div id=\"fscf_div_field1_7\" style=\"clear:left; float:left; width:99%; max-width:550px; margin-right:10px;\">\n    <div  id=\"fscf_label1_7\" style=\"text-align:left; padding-top:5px;\">\r\n      <label style=\"text-align:left;\" for=\"fscf_field1_7\">Anhang 4<\/label>\n    <\/div>\n    <div style=\"text-align:left;\">\n      <input style=\"text-align:left; margin:0; width:99%; max-width:250px;\" type=\"file\" id=\"fscf_field1_7\" name=\"Anhang-4\"  size=\"20\" \/>    <\/div>\n  <\/div>\n<\/div>\r\n<div style=\"clear:both;\"><\/div>\n\n<div id=\"fscf_submit_div1\" style=\"text-align:left; clear:both; padding-top:15px;\">\r\n\t\t<input type=\"submit\" id=\"fscf_submit1\" style=\"cursor:pointer; margin:0;\" value=\"senden\"  onclick=\"this.disabled=true; this.value='Submitting...'; this.form.submit();\" \/> \n<\/div>\n\n<input type=\"hidden\" name=\"fscf_submitted\" value=\"0\" \/>\n<input type=\"hidden\" name=\"fs_postonce_1\" value=\"845651baad6553e9d51a7481ef16dd36,1778834545\" \/>\n<input type=\"hidden\" name=\"si_contact_action\" value=\"send\" \/>\n<input type=\"hidden\" name=\"form_id\" value=\"1\" \/>\n<input type=\"hidden\" name=\"mailto_id\" value=\"1\" \/>\n\n<\/form>\n<\/div>\r\n<div style=\"clear:both;\"><\/div>\n\n<!-- Fast Secure Contact Form plugin 4.0.52 - end - FastSecureContactForm.com -->\n\n<p>&nbsp;<\/p>\n<p>Nach dem Geldeingang werden 2 Arbeitstage veranschlagt,\u00a0 somit sollten Sie nach 3 Tagen die finale Version erhalten. Wegen m\u00f6glichen Engp\u00e4ssen kann sich eine Verz\u00f6gerung ergeben.<\/p>\n<p>&#8212;&#8212;&#8212;&#8212;&#8212;&#8212;&#8212;&#8212;&#8212;&#8212;&#8212;&#8212;&#8212;&#8212;&#8212;&#8212;&#8212;&#8212;&#8212;&#8212;&#8212;&#8212;&#8212;&#8212;&#8212;&#8212;&#8212;&#8212;&#8212;&#8212;&#8212;&#8212;&#8212;<\/p>\n<p>Bitte \u00fcberweisen Sie den passenden Betrag auf folgendes Konto:<\/p>\n<p>XiLLeR GmbH<br \/>\nKto. 358990584<br \/>\nBlz. 76020070<br \/>\nVerwendungszweck: Ihren Namen oder die Firma<\/p>\n<p><strong>Oder<\/strong> \u00fcber paypal:<\/p>\n<form action=\"https:\/\/www.paypal.com\/cgi-bin\/webscr\" method=\"post\"><input type=\"hidden\" name=\"cmd\" value=\"_s-xclick\" \/> <input type=\"hidden\" name=\"hosted_button_id\" value=\"FXYXERN2XPK5L\" \/><\/p>\n<table>\n<tbody>\n<tr>\n<td><input type=\"hidden\" name=\"on0\" value=\"Ihre Auswahl\" \/>Ihre Auswahl<\/td>\n<\/tr>\n<tr>\n<td><select name=\"os0\"><option value=\"Vektorgrafik\">Vektorgrafik \u20ac89,25<\/option><option value=\"Pixelgrafik\">Pixelgrafik \u20ac119<\/option><\/select><\/td>\n<\/tr>\n<\/tbody>\n<\/table>\n<p><input type=\"hidden\" name=\"currency_code\" value=\"EUR\" \/> <input type=\"image\" name=\"submit\" src=\"https:\/\/www.paypalobjects.com\/WEBSCR-640-20110429-1\/de_DE\/DE\/i\/btn\/btn_cart_SM.gif\" alt=\"Jetzt einfach, schnell und sicher online bezahlen \u2013 mit PayPal.\" \/> <img loading=\"lazy\" decoding=\"async\" src=\"https:\/\/www.paypalobjects.com\/WEBSCR-640-20110429-1\/de_DE\/i\/scr\/pixel.gif\" alt=\"\" width=\"1\" height=\"1\" border=\"0\" \/>\u00a0<\/form>\n<p>&#8212;&#8212;&#8212;&#8212;&#8212;&#8212;&#8212;&#8212;&#8212;&#8212;&#8212;&#8212;&#8212;&#8212;&#8212;&#8212;&#8212;&#8212;&#8212;&#8212;&#8212;&#8212;&#8212;&#8212;&#8212;&#8212;&#8212;&#8212;&#8212;&#8212;&#8212;&#8212;&#8212;<\/p>\n<p>Nat\u00fcrlich k\u00f6nnen Sie alternativ direkt auf uns zukommen, um individuelle W\u00fcnsche zu \u00e4u\u00dfern.<\/p>\n","protected":false},"excerpt":{"rendered":"<p>*Einf\u00fchrungsangebot Sie liefern uns Ihr Logo: Als Vektordatei f\u00fcr 75 \u20ac Netto (89,25 \u20ac Brutto) Als Bilddatei f\u00fcr 100 \u20ac Netto (119 \u20ac Brutto) Sie erhalten Ihr Logo in einer Aufl\u00f6sung von 4096&#215;4096 zur\u00fcck, damit Sie es wirklich \u00fcberall einsetzten k\u00f6nnen! Dieses Angebot gilt nur f\u00fcr grafische Logos, gegenst\u00e4ndliche Objekte auf Anfrage. &nbsp; Nach dem &hellip; <a href=\"https:\/\/logo-in-3d.de\/\" class=\"more-link\"><span class=\"screen-reader-text\">Laden Sie Ihr Logo bei uns hoch<\/span> weiterlesen<\/a><\/p>\n","protected":false},"author":1,"featured_media":0,"parent":0,"menu_order":0,"comment_status":"open","ping_status":"open","template":"","meta":{"footnotes":""},"class_list":["post-2","page","type-page","status-publish","hentry"],"_links":{"self":[{"href":"https:\/\/logo-in-3d.de\/index.php?rest_route=\/wp\/v2\/pages\/2","targetHints":{"allow":["GET"]}}],"collection":[{"href":"https:\/\/logo-in-3d.de\/index.php?rest_route=\/wp\/v2\/pages"}],"about":[{"href":"https:\/\/logo-in-3d.de\/index.php?rest_route=\/wp\/v2\/types\/page"}],"author":[{"embeddable":true,"href":"https:\/\/logo-in-3d.de\/index.php?rest_route=\/wp\/v2\/users\/1"}],"replies":[{"embeddable":true,"href":"https:\/\/logo-in-3d.de\/index.php?rest_route=%2Fwp%2Fv2%2Fcomments&post=2"}],"version-history":[{"count":34,"href":"https:\/\/logo-in-3d.de\/index.php?rest_route=\/wp\/v2\/pages\/2\/revisions"}],"predecessor-version":[{"id":9,"href":"https:\/\/logo-in-3d.de\/index.php?rest_route=\/wp\/v2\/pages\/2\/revisions\/9"}],"wp:attachment":[{"href":"https:\/\/logo-in-3d.de\/index.php?rest_route=%2Fwp%2Fv2%2Fmedia&parent=2"}],"curies":[{"name":"wp","href":"https:\/\/api.w.org\/{rel}","templated":true}]}}